{"id":2392,"date":"2020-05-28T20:21:09","date_gmt":"2020-05-28T20:21:09","guid":{"rendered":"https:\/\/dura-techinc.ca\/liste-de-modeles-de-gazebos-et-prix-dinstallations\/"},"modified":"2025-06-11T15:33:35","modified_gmt":"2025-06-11T19:33:35","slug":"liste-de-modeles-de-gazebos-et-prix-dinstallations","status":"publish","type":"page","link":"https:\/\/dura-techinc.ca\/en\/liste-de-modeles-de-gazebos-et-prix-dinstallations\/","title":{"rendered":"Gazebo Installation"},"content":{"rendered":"<!--themify_builder_content-->\n<div id=\"themify_builder_content-2392\" data-postid=\"2392\" class=\"themify_builder_content themify_builder_content-2392 themify_builder tf_clear\">\n                    <div  data-css_id=\"riad038\" data-lazy=\"1\" class=\"module_row themify_builder_row fullwidth tb_riad038 tb_first tf_w\">\n                        <div class=\"row_inner col_align_top tb_col_count_1 tf_box tf_rel\">\n                        <div  data-lazy=\"1\" class=\"module_column tb-column col-full tb_cx4q032 first\">\n                    <!-- module plain text -->\n<div  class=\"module module-plain-text tb_ulh8832 phonemobile hide-desktop\" data-lazy=\"1\">\n        <div class=\"tb_text_wrap\">\n    <div class=\"telnumbers\">\n<a href=\"tel:8196647472\">GATINEAU  <strong>819.664.7472<\/strong>  OTTAWA<\/a>\n<\/div>    <\/div>\n<\/div>\n<!-- \/module plain text --><!-- module image -->\n<div  class=\"module module-image tb_l5ke924 image-center   tf_mw\" data-lazy=\"1\">\n        <div class=\"image-wrap tf_rel tf_mw\">\n            <a href=\"\/\">\n                   <img loading=\"lazy\" decoding=\"async\" width=\"477\" height=\"193\" src=\"https:\/\/dura-techinc.ca\/wp-content\/uploads\/2018\/08\/dura-tech-logo-2.png\" class=\"wp-post-image wp-image-1613\" title=\"dura tech logo 2\" alt=\"dura tech logo 2\" srcset=\"https:\/\/dura-techinc.ca\/wp-content\/uploads\/2018\/08\/dura-tech-logo-2.png 477w, https:\/\/dura-techinc.ca\/wp-content\/uploads\/2018\/08\/dura-tech-logo-2-300x121.png 300w\" sizes=\"auto, (max-width: 477px) 100vw, 477px\" \/>        <\/a>\n    \n        <\/div>\n    <!-- \/image-wrap -->\n    \n        <\/div>\n<!-- \/module image -->        <div  data-lazy=\"1\" class=\"module_subrow themify_builder_sub_row tf_w col_align_top tb_col_count_1 tb_to2s053\">\n                <div  data-lazy=\"1\" class=\"module_column sub_column col-full tb_o95c031 first\">\n                            <\/div>\n                    <\/div>\n        <!-- module text -->\n<div  class=\"module module-text tb_f9os535 textshadow  \" data-lazy=\"1\">\n        <div  class=\"tb_text_wrap\">\n        <h1>INSTALLATION DE GAZEBO<\/h1>    <\/div>\n<\/div>\n<!-- \/module text --><!-- module buttons -->\n<div  class=\"module module-buttons tb_gcky833 buttons-horizontal solid  large squared\" data-lazy=\"1\">\n        <div class=\"module-buttons-item tf_in_flx\">\n                        <a href=\"\/nous-joindre\/\" class=\"ui builder_button tf_in_flx tb_default_color\" >\n                                                R\u00c9SERVEZ VOTRE INSTALLATION                                        <\/a>\n                <\/div>\n            <\/div>\n<!-- \/module buttons -->\n        <\/div>\n                        <\/div>\n        <\/div>\n                        <div  data-anchor=\"accueil\" data-css_id=\"3w7o333\" data-lazy=\"1\" class=\"module_row themify_builder_row fullwidth tb_has_section tb_section-accueil tb_3w7o333 tf_w\">\n                        <div class=\"row_inner col_align_top tb_col_count_1 tf_box tf_rel\">\n                        <div  data-lazy=\"1\" class=\"module_column tb-column col-full tb_pt9q030 first\">\n                    <!-- module text -->\n<div  class=\"module module-text tb_e7tq382   \" data-lazy=\"1\">\n        <div  class=\"tb_text_wrap\">\n        <h1><strong>DIRECTIVES ET CONDITIONS D\u2019INSTALLATIONS POUR LES GAZEBOS<\/strong><\/h1>\n    <\/div>\n<\/div>\n<!-- \/module text --><!-- module text -->\n<div  class=\"module module-text tb_s4yq203   \" data-lazy=\"1\">\n        <div  class=\"tb_text_wrap\">\n        <p>Ces conditions doivent \u00eatre lus et comprises par le client qui fait une demande d\u2019installation.<\/p>    <\/div>\n<\/div>\n<!-- \/module text -->        <\/div>\n                        <\/div>\n        <\/div>\n                        <div  data-anchor=\"amenagement\" data-css_id=\"bckx093\" data-lazy=\"1\" class=\"module_row themify_builder_row fullwidth tb_has_section tb_section-amenagement tb_bckx093 tf_w\">\n                        <div class=\"row_inner col_align_top tb_col_count_4 tf_box tf_rel\">\n                        <div  data-lazy=\"1\" class=\"module_column tb-column col4-1 tb_h3fd006 first\">\n                            <\/div>\n                    <div  data-lazy=\"1\" class=\"module_column tb-column col4-1 tb_gw2o603\">\n                    <!-- module text -->\n<div  class=\"module module-text tb_5k1q000   \" data-lazy=\"1\">\n        <div  class=\"tb_text_wrap\">\n        <h3 style=\\\\\\\"text-align: center;\\\\\\\"><strong>ANCRAGE DE GAZEBO DANS LE B\u00c9TON<\/strong><\/h3>\n<p style=\\\\\\\"text-align: center;\\\\\\\">75$<\/p>    <\/div>\n<\/div>\n<!-- \/module text -->        <\/div>\n                    <div  data-lazy=\"1\" class=\"module_column tb-column col4-1 tb_0o4d300\">\n                    <!-- module text -->\n<div  class=\"module module-text tb_dvji366   \" data-lazy=\"1\">\n        <div  class=\"tb_text_wrap\">\n        <h3 style=\\\\\\\"text-align: center;\\\\\\\"><strong>EXC\u00c9DANT DE PLUS DE 30KM DU MAGAGIN<\/strong><\/h3><p style=\\\\\\\"text-align: center;\\\\\\\">1.99$\/KM<\/p>    <\/div>\n<\/div>\n<!-- \/module text -->        <\/div>\n                    <div  data-lazy=\"1\" class=\"module_column tb-column col4-1 tb_ydj8230 last\">\n                            <\/div>\n                        <\/div>\n        <\/div>\n                        <div  data-anchor=\"amenagement\" data-css_id=\"4zx5303\" data-lazy=\"1\" class=\"module_row themify_builder_row fullwidth tb_has_section tb_section-amenagement tb_4zx5303 tf_w\">\n                        <div class=\"row_inner col_align_top tb_col_count_4 tf_box tf_rel\">\n                        <div  data-lazy=\"1\" class=\"module_column tb-column col4-1 tb_6fcu726 first\">\n                            <\/div>\n                    <div  data-lazy=\"1\" class=\"module_column tb-column col4-1 tb_q6fe860\">\n                    <!-- module text -->\n<div  class=\"module module-text tb_4vis603   \" data-lazy=\"1\">\n        <div  class=\"tb_text_wrap\">\n        <h3><strong>Les prix sont bas\u00e9s sur une installation standard<\/strong><\/h3><ul><li>Terrain plat (non accident\u00e9) avec une base au niveau du sol.<\/li><li>La base doit \u00eatre de niveau et ad\u00e9quate pour recevoir le gazebo.<\/li><li>Il doit y avoir un d\u00e9gagement de 24 pouces autour de la base lors de l\u2019installation.<\/li><\/ul>    <\/div>\n<\/div>\n<!-- \/module text -->        <\/div>\n                    <div  data-lazy=\"1\" class=\"module_column tb-column col4-1 tb_ag4q778\">\n                    <!-- module text -->\n<div  class=\"module module-text tb_tmck830   \" data-lazy=\"1\">\n        <div  class=\"tb_text_wrap\">\n        <h3><strong>Demande d\u2019installation devra \u00eatre accompagn\u00e9e obligatoirement avec des photos de\u00a0: <\/strong><\/h3><ul><li>Vue de base.<\/li><li>Vue du terrain en g\u00e9n\u00e9ral.<\/li><li>Vue de l\u2019acc\u00e8s \u00e0 la cour arri\u00e8re et ce \u00e0 partir de la rue.<\/li><li>Avec vos coordonn\u00e9es, le tout envoy\u00e9 par courriel suivant\u00a0: <a href=\\\\\\\"mailto:info@dura-techinc.ca\\\\\\\">info@dura-techinc.ca<\/a><\/li><\/ul>    <\/div>\n<\/div>\n<!-- \/module text -->        <\/div>\n                    <div  data-lazy=\"1\" class=\"module_column tb-column col4-1 tb_7ydj033 last\">\n                            <\/div>\n                        <\/div>\n        <\/div>\n                        <div  data-anchor=\"amenagement\" data-css_id=\"8r2y323\" data-lazy=\"1\" class=\"module_row themify_builder_row fullwidth tb_has_section tb_section-amenagement tb_8r2y323 tf_w\">\n                        <div class=\"row_inner col_align_top tb_col_count_4 tf_box tf_rel\">\n                        <div  data-lazy=\"1\" class=\"module_column tb-column col4-1 tb_5g1x403 first\">\n                            <\/div>\n                    <div  data-lazy=\"1\" class=\"module_column tb-column col4-1 tb_orwx755\">\n                    <!-- module text -->\n<div  class=\"module module-text tb_q9ay276   \" data-lazy=\"1\">\n        <div  class=\"tb_text_wrap\">\n        <h3><strong>Installation hors-normes<\/strong><\/h3><ul><li>Pr\u00e9-visite de l\u2019installateur obligatoire.<\/li><li>Base n\u2019est pas de niveau.<\/li><li>Base qui n\u2019est pas au niveau du sol et qui n\u2019a pas un d\u00e9gagement de 24 pouces autour du gazebo.<\/li><li>Des frais suppl\u00e9mentaires vont s\u2019appliquer.<\/li><\/ul>    <\/div>\n<\/div>\n<!-- \/module text -->        <\/div>\n                    <div  data-lazy=\"1\" class=\"module_column tb-column col4-1 tb_xhsv237\">\n                    <!-- module text -->\n<div  class=\"module module-text tb_uv1r823   \" data-lazy=\"1\">\n        <div  class=\"tb_text_wrap\">\n        <h3><strong>Inclus dans les frais d\u2019installations<\/strong><\/h3><ul><li>Retouche de peinture.<\/li><li>Ancrage sur galerie de bois.<\/li><\/ul>    <\/div>\n<\/div>\n<!-- \/module text -->        <\/div>\n                    <div  data-lazy=\"1\" class=\"module_column tb-column col4-1 tb_vnnv983 last\">\n                            <\/div>\n                        <\/div>\n        <\/div>\n                        <div  data-anchor=\"amenagement\" data-css_id=\"f8z2002\" data-lazy=\"1\" class=\"module_row themify_builder_row fullwidth tb_has_section tb_section-amenagement tb_f8z2002 tf_w\">\n                        <div class=\"row_inner col_align_top tb_col_count_4 tf_box tf_rel\">\n                        <div  data-lazy=\"1\" class=\"module_column tb-column col4-1 tb_xm0v033 first\">\n                            <\/div>\n                    <div  data-lazy=\"1\" class=\"module_column tb-column col4-1 tb_3j7t383\">\n                    <!-- module text -->\n<div  class=\"module module-text tb_fhnj830   \" data-lazy=\"1\">\n        <div  class=\"tb_text_wrap\">\n        <h3><strong><span style=\\\\\\\"text-decoration: underline;\\\\\\\">Non inclus<\/span> dans les frais d\u2019installations<\/strong><\/h3><ul><li>Ancrage du gazebo dans le b\u00e9ton.<\/li><li>Espace entre les murs et la base (si la base n\u2019est pas de niveau)<\/li><\/ul>    <\/div>\n<\/div>\n<!-- \/module text -->        <\/div>\n                    <div  data-lazy=\"1\" class=\"module_column tb-column col4-1 tb_pool883\">\n                            <\/div>\n                    <div  data-lazy=\"1\" class=\"module_column tb-column col4-1 tb_jg4b830 last\">\n                            <\/div>\n                        <\/div>\n        <\/div>\n                        <div  data-anchor=\"amenagement\" data-css_id=\"h1qb383\" data-lazy=\"1\" class=\"module_row themify_builder_row fullwidth tb_has_section tb_section-amenagement tb_h1qb383 tf_w\">\n                        <div class=\"row_inner col_align_top tb_col_count_1 tf_box tf_rel\">\n                        <div  data-lazy=\"1\" class=\"module_column tb-column col-full tb_yfah888 first\">\n                            <\/div>\n                        <\/div>\n        <\/div>\n                        <div  data-lazy=\"1\" class=\"module_row themify_builder_row services imageholder tb_y3bj303 tf_w\">\n                        <div class=\"row_inner col_align_top tb_col_count_5 tf_box tf_rel\">\n                        <div  data-lazy=\"1\" class=\"module_column tb-column col5-1 tb_h9ao208 first\">\n                    <!-- module text -->\n<div  class=\"module module-text tb_bh1d330   \" data-lazy=\"1\">\n        <div  class=\"tb_text_wrap\">\n        <h3><strong>Club Piscine<\/strong><\/h3>    <\/div>\n<\/div>\n<!-- \/module text -->        <\/div>\n                    <div  data-lazy=\"1\" class=\"module_column tb-column col5-1 tb_wnmi009\">\n                    <!-- module text -->\n<div  class=\"module module-text tb_3j28033   \" data-lazy=\"1\">\n        <div  class=\"tb_text_wrap\">\n        <h3><strong>Trevis<\/strong><\/h3>    <\/div>\n<\/div>\n<!-- \/module text -->        <\/div>\n                    <div  data-lazy=\"1\" class=\"module_column tb-column col5-1 tb_rgly060\">\n                    <!-- module text -->\n<div  class=\"module module-text tb_348v723   \" data-lazy=\"1\">\n        <div  class=\"tb_text_wrap\">\n        <h3><strong>Costco<\/strong><\/h3>    <\/div>\n<\/div>\n<!-- \/module text -->        <\/div>\n                    <div  data-lazy=\"1\" class=\"module_column tb-column col5-1 tb_4b5x933\">\n                            <\/div>\n                    <div  data-lazy=\"1\" class=\"module_column tb-column col5-1 tb_w9dx939 last\">\n                    <!-- module text -->\n<div  class=\"module module-text tb_lf7k662   \" data-lazy=\"1\">\n        <div  class=\"tb_text_wrap\">\n        <h3><strong>Et plus!<\/strong><\/h3>    <\/div>\n<\/div>\n<!-- \/module text -->        <\/div>\n                        <\/div>\n        <\/div>\n                        <div  data-lazy=\"1\" class=\"module_row themify_builder_row tb_akss803 tf_w\">\n                        <div class=\"row_inner col_align_top tb_col_count_1 tf_box tf_rel\">\n                        <div  data-lazy=\"1\" class=\"module_column tb-column col-full tb_6w09834 first\">\n                    <!-- module buttons -->\n<div  class=\"module module-buttons tb_6n4q300 buttons-horizontal solid  large squared\" data-lazy=\"1\">\n        <div class=\"module-buttons-item tf_in_flx\">\n                        <a href=\"\/nous-joindre\/\" class=\"ui builder_button tf_in_flx tb_default_color\" >\n                                                R\u00c9SERVEZ VOTRE INSTALLATION                                        <\/a>\n                <\/div>\n            <\/div>\n<!-- \/module buttons -->\n        <\/div>\n                        <\/div>\n        <\/div>\n                        <div  data-css_id=\"f9fy302\" data-lazy=\"1\" class=\"module_row themify_builder_row fullwidth tb_f9fy302 tf_w\">\n                        <div class=\"row_inner col_align_top tb_col_count_1 tf_box tf_rel\">\n                        <div  data-lazy=\"1\" class=\"module_column tb-column col-full tb_lxkb303 first\">\n                            <\/div>\n                        <\/div>\n        <\/div>\n        <\/div>\n<!--\/themify_builder_content-->","protected":false},"excerpt":{"rendered":"<p>GATINEAU 819.664.7472 OTTAWA INSTALLATION DE GAZEBO R\u00c9SERVEZ VOTRE INSTALLATION DIRECTIVES ET CONDITIONS D\u2019INSTALLATIONS POUR LES GAZEBOS Ces conditions doivent \u00eatre lus et comprises par le client qui fait une demande d\u2019installation. ANCRAGE DE GAZEBO DANS LE B\u00c9TON 75$ EXC\u00c9DANT DE PLUS DE 30KM DU MAGAGIN 1.99$\/KM Les prix sont bas\u00e9s sur une installation standard Terrain [&hellip;]<\/p>\n","protected":false},"author":4,"featured_media":0,"parent":0,"menu_order":0,"comment_status":"closed","ping_status":"closed","template":"","meta":{"_acf_changed":false,"_seopress_robots_primary_cat":"","_seopress_titles_title":"","_seopress_titles_desc":"","_seopress_robots_index":"","footnotes":""},"class_list":["post-2392","page","type-page","status-publish","hentry","has-post-title","has-post-date","has-post-category","has-post-tag","has-post-comment","has-post-author",""],"acf":[],"_links":{"self":[{"href":"https:\/\/dura-techinc.ca\/en\/wp-json\/wp\/v2\/pages\/2392","targetHints":{"allow":["GET"]}}],"collection":[{"href":"https:\/\/dura-techinc.ca\/en\/wp-json\/wp\/v2\/pages"}],"about":[{"href":"https:\/\/dura-techinc.ca\/en\/wp-json\/wp\/v2\/types\/page"}],"author":[{"embeddable":true,"href":"https:\/\/dura-techinc.ca\/en\/wp-json\/wp\/v2\/users\/4"}],"replies":[{"embeddable":true,"href":"https:\/\/dura-techinc.ca\/en\/wp-json\/wp\/v2\/comments?post=2392"}],"version-history":[{"count":31,"href":"https:\/\/dura-techinc.ca\/en\/wp-json\/wp\/v2\/pages\/2392\/revisions"}],"predecessor-version":[{"id":3058,"href":"https:\/\/dura-techinc.ca\/en\/wp-json\/wp\/v2\/pages\/2392\/revisions\/3058"}],"wp:attachment":[{"href":"https:\/\/dura-techinc.ca\/en\/wp-json\/wp\/v2\/media?parent=2392"}],"curies":[{"name":"wp","href":"https:\/\/api.w.org\/{rel}","templated":true}]}}